{"id":2850,"date":"2025-03-29T14:52:18","date_gmt":"2025-03-29T20:52:18","guid":{"rendered":"https:\/sobre-nosotros\/"},"modified":"2025-05-15T13:18:11","modified_gmt":"2025-05-15T19:18:11","slug":"sobre-nosotros","status":"publish","type":"page","link":"https:\/\/casablancaajijic.com\/es\/sobre-nosotros\/","title":{"rendered":"Sobre Nosotros"},"content":{"rendered":"\t\t<div data-elementor-type=\"wp-page\" data-elementor-id=\"2850\" class=\"elementor elementor-2850 elementor-2679\" data-elementor-post-type=\"page\">\n\t\t\t\t<div class=\"elementor-element elementor-element-72a94489 e-flex e-con-boxed e-con e-parent\" data-id=\"72a94489\" data-element_type=\"container\" data-e-type=\"container\" data-settings=\"{&quot;background_background&quot;:&quot;classic&quot;,&quot;shape_divider_bottom&quot;:&quot;opacity-fan&quot;}\">\n\t\t\t\t\t<div class=\"e-con-inner\">\n\t\t\t\t<div class=\"elementor-shape elementor-shape-bottom\" aria-hidden=\"true\" data-negative=\"false\">\n\t\t\t<svg xmlns=\"http:\/\/www.w3.org\/2000\/svg\" viewBox=\"0 0 283.5 19.6\" preserveAspectRatio=\"none\">\n\t<path class=\"elementor-shape-fill\" style=\"opacity:0.33\" d=\"M0 0L0 18.8 141.8 4.1 283.5 18.8 283.5 0z\"\/>\n\t<path class=\"elementor-shape-fill\" style=\"opacity:0.33\" d=\"M0 0L0 12.6 141.8 4 283.5 12.6 283.5 0z\"\/>\n\t<path class=\"elementor-shape-fill\" style=\"opacity:0.33\" d=\"M0 0L0 6.4 141.8 4 283.5 6.4 283.5 0z\"\/>\n\t<path class=\"elementor-shape-fill\" d=\"M0 0L0 1.2 141.8 4 283.5 1.2 283.5 0z\"\/>\n<\/svg>\t\t<\/div>\n\t\t\t\t<div class=\"elementor-element elementor-element-77a46189 elementor-invisible elementor-widget elementor-widget-heading\" data-id=\"77a46189\" data-element_type=\"widget\" data-e-type=\"widget\" data-settings=\"{&quot;_animation&quot;:&quot;zoomIn&quot;}\" data-widget_type=\"heading.default\">\n\t\t\t\t\t<h1 class=\"elementor-heading-title elementor-size-default\">Sobre Nosotros<\/h1>\t\t\t\t<\/div>\n\t\t\t\t\t<\/div>\n\t\t\t\t<\/div>\n\t\t<div class=\"elementor-element elementor-element-cdc53e5 e-flex e-con-boxed e-con e-parent\" data-id=\"cdc53e5\" data-element_type=\"container\" data-e-type=\"container\">\n\t\t\t\t\t<div class=\"e-con-inner\">\n\t\t\t\t<div class=\"elementor-element elementor-element-10e9d2c elementor-widget elementor-widget-spacer\" data-id=\"10e9d2c\" data-element_type=\"widget\" data-e-type=\"widget\" data-widget_type=\"spacer.default\">\n\t\t\t\t\t\t\t<div class=\"elementor-spacer\">\n\t\t\t<div class=\"elementor-spacer-inner\"><\/div>\n\t\t<\/div>\n\t\t\t\t\t\t<\/div>\n\t\t\t\t\t<\/div>\n\t\t\t\t<\/div>\n\t\t<div class=\"elementor-element elementor-element-60d94ed6 e-flex e-con-boxed elementor-invisible e-con e-parent\" data-id=\"60d94ed6\" data-element_type=\"container\" data-e-type=\"container\" data-settings=\"{&quot;animation&quot;:&quot;slideInLeft&quot;}\">\n\t\t\t\t\t<div class=\"e-con-inner\">\n\t\t<div class=\"elementor-element elementor-element-540b1ccb e-con-full e-flex e-con e-child\" data-id=\"540b1ccb\" data-element_type=\"container\" data-e-type=\"container\">\n\t\t\t\t<\/div>\n\t\t<div class=\"elementor-element elementor-element-4ad26e9d e-con-full e-flex e-con e-child\" data-id=\"4ad26e9d\" data-element_type=\"container\" data-e-type=\"container\" data-settings=\"{&quot;background_background&quot;:&quot;classic&quot;}\">\n\t\t\t\t<div class=\"elementor-element elementor-element-4aa25805 elementor-widget elementor-widget-text-editor\" data-id=\"4aa25805\" data-element_type=\"widget\" data-e-type=\"widget\" data-widget_type=\"text-editor.default\">\n\t\t\t\t\t\t\t\t\t<p>Ubicado en el coraz\u00f3n de Ajijic, Hotel Casa Blanca es un punto de encuentro para viajeros, expatriados y n\u00f3madas digitales que buscan autenticidad, comunidad y calidez en cada etapa de su camino.<br>Como los terceros propietarios de este acogedor hotel, estamos aqu\u00ed para rendir homenaje a la visi\u00f3n original: crear un espacio c\u00f3modo pero vibrante, donde los viajeros puedan explorar el encantador pueblo, hacer nuevas amistades y encontrar su paz. <\/p><p>Inspirado en los intrincados detalles del dise\u00f1o marroqu\u00ed, Casa Blanca ofrece un aire de exotismo y elegancia que combina a la perfecci\u00f3n con el encanto luminoso y natural de M\u00e9xico. Al cruzar sus puertas, descubrir\u00e1s rincones acogedores y llenos de color, patios exuberantes con flora y fauna local, arte regional y espacios ideales para descansar despu\u00e9s de un d\u00eda explorando las maravillas naturales y la rica historia de Ajijic. <\/p><p>Ajijic\u2014conocido por su encanto de \u201cPueblo M\u00e1gico\u201d y su vibrante comunidad de expatriados\u2014es un pintoresco pueblo donde se re\u00fanen jubilados, artistas y aventureros.<br>Nuestro hotel funciona como un punto de encuentro para visitantes y locales por igual, invitando a nuestros hu\u00e9spedes a conectar, celebrar y explorar. <\/p><p>Ya sea que est\u00e9s aqu\u00ed para una escapada de fin de semana, explorando tu pr\u00f3ximo hogar o trabajando de forma remota, considera a Casa Blanca tu hogar en M\u00e9xico.<\/p><p>Ad\u00e9ntrate en un mundo donde los toques de Marruecos se mezclan con el alma vibrante de M\u00e9xico. El Hotel Casa Blanca es un espacio boutique donde puedes relajarte, conectar y explorar. <\/p>\t\t\t\t\t\t\t\t<\/div>\n\t\t\t\t<\/div>\n\t\t\t\t\t<\/div>\n\t\t\t\t<\/div>\n\t\t<div class=\"elementor-element elementor-element-f449a3b e-flex e-con-boxed elementor-invisible e-con e-parent\" data-id=\"f449a3b\" data-element_type=\"container\" data-e-type=\"container\" data-settings=\"{&quot;animation&quot;:&quot;slideInRight&quot;}\">\n\t\t\t\t\t<div class=\"e-con-inner\">\n\t\t<div class=\"elementor-element elementor-element-1999f55 e-con-full e-flex e-con e-child\" data-id=\"1999f55\" data-element_type=\"container\" data-e-type=\"container\" data-settings=\"{&quot;background_background&quot;:&quot;classic&quot;}\">\n\t\t\t\t<div class=\"elementor-element elementor-element-33afacd elementor-widget elementor-widget-heading\" data-id=\"33afacd\" data-element_type=\"widget\" data-e-type=\"widget\" data-widget_type=\"heading.default\">\n\t\t\t\t\t<h2 class=\"elementor-heading-title elementor-size-default\">Una ubicaci\u00f3n inmejorable en el coraz\u00f3n de Ajijic<\/h2>\t\t\t\t<\/div>\n\t\t\t\t<div class=\"elementor-element elementor-element-70376e93 elementor-widget elementor-widget-text-editor\" data-id=\"70376e93\" data-element_type=\"widget\" data-e-type=\"widget\" data-widget_type=\"text-editor.default\">\n\t\t\t\t\t\t\t\t\t<p>Ubicado a solo unas cuadras del impresionante Lago de Chapala, Hotel Casa Blanca es la base perfecta para explorar lo mejor de Ajijic. Camina cinco minutos en una direcci\u00f3n para llegar a la animada plaza del pueblo, o dir\u00edgete hacia el otro lado para disfrutar del pintoresco malec\u00f3n frente al lago. Galer\u00edas de arte, tiendas ecl\u00e9cticas y deliciosos restaurantes est\u00e1n a solo unos pasos, lo que te permitir\u00e1 experimentar f\u00e1cilmente el encanto y la energ\u00eda de este pueblo m\u00e1gico desde nuestra ubicaci\u00f3n central.  <\/p><p>Situado en la Riviera de Chapala, Ajijic es un refugio para artistas, escritores, jubilados y aventureros. Este pintoresco pueblo es conocido por su clima ideal, calles empedradas rodeadas de flora vibrante y una rica mezcla de tradiciones. Ya sea que explores mercados locales, visites aguas termales geot\u00e9rmicas o hagas senderismo por la Sierra Madre, Ajijic ofrece el equilibrio perfecto entre relajaci\u00f3n y aventura.  <\/p>\t\t\t\t\t\t\t\t<\/div>\n\t\t\t\t<div class=\"elementor-element elementor-element-cf7a676 elementor-widget elementor-widget-heading\" data-id=\"cf7a676\" data-element_type=\"widget\" data-e-type=\"widget\" data-widget_type=\"heading.default\">\n\t\t\t\t\t<h2 class=\"elementor-heading-title elementor-size-default\">Hacemos que nuestros hu\u00e9spedes se sientan como en casa<\/h2>\t\t\t\t<\/div>\n\t\t\t\t<div class=\"elementor-element elementor-element-b2310a7 elementor-widget elementor-widget-text-editor\" data-id=\"b2310a7\" data-element_type=\"widget\" data-e-type=\"widget\" data-widget_type=\"text-editor.default\">\n\t\t\t\t\t\t\t\t\t<p>En Hotel Casa Blanca, nos enorgullece crear un ambiente donde cada hu\u00e9sped se sienta parte de la familia. Nuestro personal biling\u00fce va m\u00e1s all\u00e1 para asegurar que cada estancia sea fluida, acogedora e inolvidable, desde recomendaciones personalizadas hasta un servicio c\u00e1lido y cercano.  Nuestros hu\u00e9spedes suelen describir su experiencia como relajante, tranquila y con la sensaci\u00f3n de estar en casa, un sentimiento que valoramos profundamente.<\/p><p>Creemos en la conexi\u00f3n entre personas. Nuestro espacio recibe tanto a locales como a expatriados, ofreciendo un lugar para compartir historias, hacer nuevas amistades y aprender unos de otros. <\/p>\t\t\t\t\t\t\t\t<\/div>\n\t\t\t\t<\/div>\n\t\t<div class=\"elementor-element elementor-element-148c5df e-con-full e-flex e-con e-child\" data-id=\"148c5df\" data-element_type=\"container\" data-e-type=\"container\">\n\t\t\t\t<\/div>\n\t\t\t\t\t<\/div>\n\t\t\t\t<\/div>\n\t\t<div class=\"elementor-element elementor-element-98b3f52 e-flex e-con-boxed e-con e-parent\" data-id=\"98b3f52\" data-element_type=\"container\" data-e-type=\"container\">\n\t\t\t\t\t<div class=\"e-con-inner\">\n\t\t\t\t<div class=\"elementor-element elementor-element-668af8b elementor-widget elementor-widget-html\" data-id=\"668af8b\" data-element_type=\"widget\" data-e-type=\"widget\" data-widget_type=\"html.default\">\n\t\t\t\t\t<button style=\"background-color: #EBC537; color: black;\" data-be-url=\"https:\/\/hotels.cloudbeds.com\/reservation\/t3douk\">Reserva ahora<\/button>\r\n\t\t\t\t<\/div>\n\t\t\t\t\t<\/div>\n\t\t\t\t<\/div>\n\t\t<div class=\"elementor-element elementor-element-78be72bb e-flex e-con-boxed e-con e-parent\" data-id=\"78be72bb\" data-element_type=\"container\" data-e-type=\"container\" data-settings=\"{&quot;background_background&quot;:&quot;classic&quot;}\">\n\t\t\t\t\t<div class=\"e-con-inner\">\n\t\t<div class=\"elementor-element elementor-element-2370cfe3 e-con-full e-flex e-con e-child\" data-id=\"2370cfe3\" data-element_type=\"container\" data-e-type=\"container\">\n\t\t\t\t<div class=\"elementor-element elementor-element-6af04f13 elementor-widget elementor-widget-heading\" data-id=\"6af04f13\" data-element_type=\"widget\" data-e-type=\"widget\" data-widget_type=\"heading.default\">\n\t\t\t\t\t<h3 class=\"elementor-heading-title elementor-size-default\">Considera el Hotel Casa Blanca tu puerta de entrada\npara descubrir la magia de Ajijic.\nTe invitamos a experimentar por qu\u00e9 tantos hu\u00e9spedes de \nnos llaman su refugio favorito.<\/h3>\t\t\t\t<\/div>\n\t\t\t\t<div class=\"elementor-element elementor-element-39dec170 elementor-widget elementor-widget-spacer\" data-id=\"39dec170\" data-element_type=\"widget\" data-e-type=\"widget\" data-widget_type=\"spacer.default\">\n\t\t\t\t\t\t\t<div class=\"elementor-spacer\">\n\t\t\t<div class=\"elementor-spacer-inner\"><\/div>\n\t\t<\/div>\n\t\t\t\t\t\t<\/div>\n\t\t\t\t<div class=\"elementor-element elementor-element-ccd6fe2 elementor-widget elementor-widget-html\" data-id=\"ccd6fe2\" data-element_type=\"widget\" data-e-type=\"widget\" data-widget_type=\"html.default\">\n\t\t\t\t\t<center><button style=\"background-color: #EBC537; color: black; width: 200px;\" data-be-url=\"https:\/\/hotels.cloudbeds.com\/reservation\/t3douk\">Reserva ahora<\/button><\/center>\t\t\t\t<\/div>\n\t\t\t\t<div class=\"elementor-element elementor-element-770c131 elementor-widget elementor-widget-spacer\" data-id=\"770c131\" data-element_type=\"widget\" data-e-type=\"widget\" data-widget_type=\"spacer.default\">\n\t\t\t\t\t\t\t<div class=\"elementor-spacer\">\n\t\t\t<div class=\"elementor-spacer-inner\"><\/div>\n\t\t<\/div>\n\t\t\t\t\t\t<\/div>\n\t\t\t\t<div class=\"elementor-element elementor-element-3e0e4b16 elementor-align-center elementor-icon-list--layout-traditional elementor-list-item-link-full_width elementor-widget elementor-widget-icon-list\" data-id=\"3e0e4b16\" data-element_type=\"widget\" data-e-type=\"widget\" data-widget_type=\"icon-list.default\">\n\t\t\t\t\t\t\t<ul class=\"elementor-icon-list-items\">\n\t\t\t\t\t\t\t<li class=\"elementor-icon-list-item\">\n\t\t\t\t\t\t\t\t\t\t\t<span class=\"elementor-icon-list-icon\">\n\t\t\t\t\t\t\t<svg aria-hidden=\"true\" class=\"e-font-icon-svg e-fas-phone-alt\" viewBox=\"0 0 512 512\" xmlns=\"http:\/\/www.w3.org\/2000\/svg\"><path d=\"M497.39 361.8l-112-48a24 24 0 0 0-28 6.9l-49.6 60.6A370.66 370.66 0 0 1 130.6 204.11l60.6-49.6a23.94 23.94 0 0 0 6.9-28l-48-112A24.16 24.16 0 0 0 122.6.61l-104 24A24 24 0 0 0 0 48c0 256.5 207.9 464 464 464a24 24 0 0 0 23.4-18.6l24-104a24.29 24.29 0 0 0-14.01-27.6z\"><\/path><\/svg>\t\t\t\t\t\t<\/span>\n\t\t\t\t\t\t\t\t\t\t<span class=\"elementor-icon-list-text\">(+52) 376 766 3842<\/span>\n\t\t\t\t\t\t\t\t\t<\/li>\n\t\t\t\t\t\t<\/ul>\n\t\t\t\t\t\t<\/div>\n\t\t\t\t<\/div>\n\t\t<div class=\"elementor-element elementor-element-45cf5a1a e-flex e-con-boxed e-con e-child\" data-id=\"45cf5a1a\" data-element_type=\"container\" data-e-type=\"container\" data-settings=\"{&quot;background_background&quot;:&quot;classic&quot;}\">\n\t\t\t\t\t<div class=\"e-con-inner\">\n\t\t\t\t<div class=\"elementor-element elementor-element-0142c9c elementor-button-align-center elementor-widget elementor-widget-form\" data-id=\"0142c9c\" data-element_type=\"widget\" data-e-type=\"widget\" data-settings=\"{&quot;step_next_label&quot;:&quot;Siguiente&quot;,&quot;step_previous_label&quot;:&quot;Anterior&quot;,&quot;button_width&quot;:&quot;100&quot;,&quot;step_type&quot;:&quot;number_text&quot;,&quot;step_icon_shape&quot;:&quot;circle&quot;}\" data-widget_type=\"form.default\">\n\t\t\t\t\t\t\t<form class=\"elementor-form\" method=\"post\" name=\"Nuevo formulario\" aria-label=\"Nuevo formulario\">\n\t\t\t<input type=\"hidden\" name=\"post_id\" value=\"2850\"\/>\n\t\t\t<input type=\"hidden\" name=\"form_id\" value=\"0142c9c\"\/>\n\t\t\t<input type=\"hidden\" name=\"referer_title\" value=\"Sobre Nosotros\" \/>\n\n\t\t\t\t\t\t\t<input type=\"hidden\" name=\"queried_id\" value=\"2850\"\/>\n\t\t\t\n\t\t\t<div class=\"elementor-form-fields-wrapper elementor-labels-above\">\n\t\t\t\t\t\t\t\t<div class=\"elementor-field-type-text elementor-field-group elementor-column elementor-field-group-name elementor-col-100\">\n\t\t\t\t\t\t\t\t\t\t\t\t<label for=\"form-field-name\" class=\"elementor-field-label\">\n\t\t\t\t\t\t\t\tNombre\t\t\t\t\t\t\t<\/label>\n\t\t\t\t\t\t\t\t\t\t\t\t\t\t<input size=\"1\" type=\"text\" name=\"form_fields[name]\" id=\"form-field-name\" class=\"elementor-field elementor-size-md  elementor-field-textual\" placeholder=\"Nombre\">\n\t\t\t\t\t\t\t\t\t\t\t<\/div>\n\t\t\t\t\t\t\t\t<div class=\"elementor-field-type-email elementor-field-group elementor-column elementor-field-group-email elementor-col-100 elementor-field-required elementor-mark-required\">\n\t\t\t\t\t\t\t\t\t\t\t\t<label for=\"form-field-email\" class=\"elementor-field-label\">\n\t\t\t\t\t\t\t\tEnv\u00eda un correo electr\u00f3nico a\t\t\t\t\t\t\t<\/label>\n\t\t\t\t\t\t\t\t\t\t\t\t\t\t<input size=\"1\" type=\"email\" name=\"form_fields[email]\" id=\"form-field-email\" class=\"elementor-field elementor-size-md  elementor-field-textual\" placeholder=\"Env\u00eda un correo electr\u00f3nico a\" required=\"required\">\n\t\t\t\t\t\t\t\t\t\t\t<\/div>\n\t\t\t\t\t\t\t\t<div class=\"elementor-field-type-textarea elementor-field-group elementor-column elementor-field-group-message elementor-col-100\">\n\t\t\t\t\t\t\t\t\t\t\t\t<label for=\"form-field-message\" class=\"elementor-field-label\">\n\t\t\t\t\t\t\t\tMensaje\t\t\t\t\t\t\t<\/label>\n\t\t\t\t\t\t<textarea class=\"elementor-field-textual elementor-field  elementor-size-md\" name=\"form_fields[message]\" id=\"form-field-message\" rows=\"4\" placeholder=\"Mensaje\"><\/textarea>\t\t\t\t<\/div>\n\t\t\t\t\t\t\t\t<div class=\"elementor-field-type-recaptcha_v3 elementor-field-group elementor-column elementor-field-group-field_9fea0fa elementor-col-100 recaptcha_v3-bottomright\">\n\t\t\t\t\t<div class=\"elementor-field\" id=\"form-field-field_9fea0fa\"><div class=\"elementor-g-recaptcha\" data-sitekey=\"6LdF7zgrAAAAAEprdjWPpVePXkP4f_r1NktF7flC\" data-type=\"v3\" data-action=\"Form\" data-badge=\"bottomright\" data-size=\"invisible\"><\/div><\/div>\t\t\t\t<\/div>\n\t\t\t\t\t\t\t\t<div class=\"elementor-field-group elementor-column elementor-field-type-submit elementor-col-100 e-form__buttons\">\n\t\t\t\t\t<button class=\"elementor-button elementor-size-md\" type=\"submit\">\n\t\t\t\t\t\t<span class=\"elementor-button-content-wrapper\">\n\t\t\t\t\t\t\t\t\t\t\t\t\t\t\t\t\t\t\t\t\t\t<span class=\"elementor-button-text\">Env\u00eda<\/span>\n\t\t\t\t\t\t\t\t\t\t\t\t\t<\/span>\n\t\t\t\t\t<\/button>\n\t\t\t\t<\/div>\n\t\t\t<\/div>\n\t\t<\/form>\n\t\t\t\t\t\t<\/div>\n\t\t\t\t\t<\/div>\n\t\t\t\t<\/div>\n\t\t\t\t\t<\/div>\n\t\t\t\t<\/div>\n\t\t\t\t<\/div>\n\t\t","protected":false},"excerpt":{"rendered":"<p>Sobre Nosotros Ubicado en el coraz\u00f3n de Ajijic, Hotel Casa Blanca es un punto de encuentro para viajeros, expatriados y n\u00f3madas digitales que buscan autenticidad, comunidad y calidez en cada [&hellip;]<\/p>\n","protected":false},"author":1,"featured_media":3191,"parent":0,"menu_order":0,"comment_status":"closed","ping_status":"closed","template":"","meta":{"_seopress_robots_primary_cat":"","_seopress_titles_title":"Sobre nosotros%%sep%% %%sitetitle%%","_seopress_titles_desc":"Hotel Casa Blanca Ajijic ofrece comodidad boutique, servicio personalizado y encanto aut\u00e9ntico en el coraz\u00f3n del Pueblo M\u00e1gico de M\u00e9xico junto al Lago de Chapala.","_seopress_robots_index":"","site-sidebar-layout":"no-sidebar","site-content-layout":"page-builder","ast-site-content-layout":"full-width-container","site-content-style":"default","site-sidebar-style":"default","ast-global-header-display":"","ast-banner-title-visibility":"","ast-main-header-display":"","ast-hfb-above-header-display":"","ast-hfb-below-header-display":"","ast-hfb-mobile-header-display":"","site-post-title":"disabled","ast-breadcrumbs-content":"","ast-featured-img":"disabled","footer-sml-layout":"","ast-disable-related-posts":"","theme-transparent-header-meta":"","adv-header-id-meta":"","stick-header-meta":"","header-above-stick-meta":"","header-main-stick-meta":"","header-below-stick-meta":"","astra-migrate-meta-layouts":"default","ast-page-background-enabled":"default","ast-page-background-meta":{"desktop":{"background-color":"","background-image":"","background-repeat":"repeat","background-position":"center center","background-size":"auto","background-attachment":"scroll","background-type":"","background-media":"","overlay-type":"","overlay-color":"","overlay-opacity":"","overlay-gradient":""},"tablet":{"background-color":"","background-image":"","background-repeat":"repeat","background-position":"center center","background-size":"auto","background-attachment":"scroll","background-type":"","background-media":"","overlay-type":"","overlay-color":"","overlay-opacity":"","overlay-gradient":""},"mobile":{"background-color":"","background-image":"","background-repeat":"repeat","background-position":"center center","background-size":"auto","background-attachment":"scroll","background-type":"","background-media":"","overlay-type":"","overlay-color":"","overlay-opacity":"","overlay-gradient":""}},"ast-content-background-meta":{"desktop":{"background-color":"var(--ast-global-color-5)","background-image":"","background-repeat":"repeat","background-position":"center center","background-size":"auto","background-attachment":"scroll","background-type":"","background-media":"","overlay-type":"","overlay-color":"","overlay-opacity":"","overlay-gradient":""},"tablet":{"background-color":"var(--ast-global-color-5)","background-image":"","background-repeat":"repeat","background-position":"center center","background-size":"auto","background-attachment":"scroll","background-type":"","background-media":"","overlay-type":"","overlay-color":"","overlay-opacity":"","overlay-gradient":""},"mobile":{"background-color":"var(--ast-global-color-5)","background-image":"","background-repeat":"repeat","background-position":"center center","background-size":"auto","background-attachment":"scroll","background-type":"","background-media":"","overlay-type":"","overlay-color":"","overlay-opacity":"","overlay-gradient":""}},"footnotes":""},"class_list":["post-2850","page","type-page","status-publish","has-post-thumbnail","hentry"],"_links":{"self":[{"href":"https:\/\/casablancaajijic.com\/es\/wp-json\/wp\/v2\/pages\/2850","targetHints":{"allow":["GET"]}}],"collection":[{"href":"https:\/\/casablancaajijic.com\/es\/wp-json\/wp\/v2\/pages"}],"about":[{"href":"https:\/\/casablancaajijic.com\/es\/wp-json\/wp\/v2\/types\/page"}],"author":[{"embeddable":true,"href":"https:\/\/casablancaajijic.com\/es\/wp-json\/wp\/v2\/users\/1"}],"replies":[{"embeddable":true,"href":"https:\/\/casablancaajijic.com\/es\/wp-json\/wp\/v2\/comments?post=2850"}],"version-history":[{"count":3,"href":"https:\/\/casablancaajijic.com\/es\/wp-json\/wp\/v2\/pages\/2850\/revisions"}],"predecessor-version":[{"id":4186,"href":"https:\/\/casablancaajijic.com\/es\/wp-json\/wp\/v2\/pages\/2850\/revisions\/4186"}],"wp:featuredmedia":[{"embeddable":true,"href":"https:\/\/casablancaajijic.com\/es\/wp-json\/wp\/v2\/media\/3191"}],"wp:attachment":[{"href":"https:\/\/casablancaajijic.com\/es\/wp-json\/wp\/v2\/media?parent=2850"}],"curies":[{"name":"wp","href":"https:\/\/api.w.org\/{rel}","templated":true}]}}