{"id":3978,"date":"2025-04-22T13:13:16","date_gmt":"2025-04-22T19:13:16","guid":{"rendered":"https:\/guia-de-politicas-para-huespedes\/"},"modified":"2025-05-11T15:22:41","modified_gmt":"2025-05-11T21:22:41","slug":"guia-de-politicas-para-huespedes","status":"publish","type":"page","link":"https:\/\/casablancaajijic.com\/es\/guia-de-politicas-para-huespedes\/","title":{"rendered":"Gu\u00eda de Pol\u00edticas para Hu\u00e9spedes"},"content":{"rendered":"\t\t<div data-elementor-type=\"wp-page\" data-elementor-id=\"3978\" class=\"elementor elementor-3978 elementor-3947\" data-elementor-post-type=\"page\">\n\t\t\t\t<div class=\"elementor-element elementor-element-9fea3b1 e-flex e-con-boxed e-con e-parent\" data-id=\"9fea3b1\" data-element_type=\"container\" data-e-type=\"container\" data-settings=\"{&quot;background_background&quot;:&quot;classic&quot;}\">\n\t\t\t\t\t<div class=\"e-con-inner\">\n\t\t\t\t<div class=\"elementor-element elementor-element-7587f2b elementor-widget elementor-widget-heading\" data-id=\"7587f2b\" data-element_type=\"widget\" data-e-type=\"widget\" data-widget_type=\"heading.default\">\n\t\t\t\t\t<h1 class=\"elementor-heading-title elementor-size-default\">Gu\u00eda de Pol\u00edticas para Hu\u00e9spedes<\/h1>\t\t\t\t<\/div>\n\t\t\t\t\t<\/div>\n\t\t\t\t<\/div>\n\t\t<div class=\"elementor-element elementor-element-a93f44a e-flex e-con-boxed e-con e-parent\" data-id=\"a93f44a\" data-element_type=\"container\" data-e-type=\"container\">\n\t\t\t\t\t<div class=\"e-con-inner\">\n\t\t\t\t<div class=\"elementor-element elementor-element-9e09632 elementor-widget elementor-widget-spacer\" data-id=\"9e09632\" data-element_type=\"widget\" data-e-type=\"widget\" data-widget_type=\"spacer.default\">\n\t\t\t\t\t\t\t<div class=\"elementor-spacer\">\n\t\t\t<div class=\"elementor-spacer-inner\"><\/div>\n\t\t<\/div>\n\t\t\t\t\t\t<\/div>\n\t\t\t\t\t<\/div>\n\t\t\t\t<\/div>\n\t\t<div class=\"elementor-element elementor-element-7e06814 e-flex e-con-boxed e-con e-parent\" data-id=\"7e06814\" data-element_type=\"container\" data-e-type=\"container\" data-settings=\"{&quot;background_background&quot;:&quot;classic&quot;}\">\n\t\t\t\t\t<div class=\"e-con-inner\">\n\t\t\t\t<div class=\"elementor-element elementor-element-f1ed735 elementor-widget elementor-widget-heading\" data-id=\"f1ed735\" data-element_type=\"widget\" data-e-type=\"widget\" data-widget_type=\"heading.default\">\n\t\t\t\t\t<h2 class=\"elementor-heading-title elementor-size-default\">Bienvenido<\/h2>\t\t\t\t<\/div>\n\t\t\t\t\t<\/div>\n\t\t\t\t<\/div>\n\t\t<div class=\"elementor-element elementor-element-2ad0006 e-flex e-con-boxed e-con e-parent\" data-id=\"2ad0006\" data-element_type=\"container\" data-e-type=\"container\">\n\t\t\t\t\t<div class=\"e-con-inner\">\n\t\t\t\t<div class=\"elementor-element elementor-element-4a658de elementor-widget elementor-widget-text-editor\" data-id=\"4a658de\" data-element_type=\"widget\" data-e-type=\"widget\" data-widget_type=\"text-editor.default\">\n\t\t\t\t\t\t\t\t\t<p>Gracias por elegir Hotel Casa Blanca en Ajijic. Nos alegra recibirle y esperamos que disfrute su estancia en nuestro encantador pueblo junto al lago. En caso de necesitar algo, no dude en acercarse a nuestro equipo: estamos aqu\u00ed para ayudarle.  <\/p><p><span style=\"font-style: inherit; font-weight: inherit; text-align: var(--text-align); background-color: var(--ast-global-color-5); color: var(--ast-global-color-3);\">Direcci\u00f3n del Hotel: 16 de Septiembre #29, Ajijic, Jalisco 45920<\/span><\/p><p><span style=\"font-style: inherit; font-weight: inherit; text-align: var(--text-align); background-color: var(--ast-global-color-5); color: var(--ast-global-color-3);\">Tel\u00e9fono del Hotel: +52 (376) 766-3842<\/span><\/p>\t\t\t\t\t\t\t\t<\/div>\n\t\t\t\t\t<\/div>\n\t\t\t\t<\/div>\n\t\t<div class=\"elementor-element elementor-element-a36008f e-flex e-con-boxed e-con e-parent\" data-id=\"a36008f\" data-element_type=\"container\" data-e-type=\"container\" data-settings=\"{&quot;background_background&quot;:&quot;classic&quot;}\">\n\t\t\t\t\t<div class=\"e-con-inner\">\n\t\t\t\t<div class=\"elementor-element elementor-element-4a2c800 elementor-widget elementor-widget-heading\" data-id=\"4a2c800\" data-element_type=\"widget\" data-e-type=\"widget\" data-widget_type=\"heading.default\">\n\t\t\t\t\t<h2 class=\"elementor-heading-title elementor-size-default\">Registro, Salida y Accesibilidad<\/h2>\t\t\t\t<\/div>\n\t\t\t\t\t<\/div>\n\t\t\t\t<\/div>\n\t\t<div class=\"elementor-element elementor-element-8440671 e-flex e-con-boxed e-con e-parent\" data-id=\"8440671\" data-element_type=\"container\" data-e-type=\"container\">\n\t\t\t\t\t<div class=\"e-con-inner\">\n\t\t\t\t<div class=\"elementor-element elementor-element-45cc7f7 elementor-widget elementor-widget-text-editor\" data-id=\"45cc7f7\" data-element_type=\"widget\" data-e-type=\"widget\" data-widget_type=\"text-editor.default\">\n\t\t\t\t\t\t\t\t\t<p>El registro est\u00e1 disponible entre las 2:00 PM y las 8:00 PM. Puede solicitar un check-in temprano o tard\u00edo con un cargo adicional; favor de contactarnos con anticipaci\u00f3n <\/p><p><span style=\"font-style: inherit; font-weight: inherit; text-align: var(--text-align); background-color: var(--ast-global-color-5); color: var(--ast-global-color-3);\">La salida es a m\u00e1s tardar a las 12:00 PM, con 30 minutos de tolerancia.<\/span><\/p><p><span style=\"font-style: inherit; font-weight: inherit; text-align: var(--text-align); background-color: var(--ast-global-color-5); color: var(--ast-global-color-3);\">La puerta principal permanece cerrada de 9:00 PM a 8:00 AM. Use su llave para ingresar al edificio. <\/span><\/p><p><span style=\"font-style: inherit; font-weight: inherit; text-align: var(--text-align); background-color: var(--ast-global-color-5); color: var(--ast-global-color-3);\">Por favor no permita la entrada a nadie que no tenga su propia llave y no est\u00e9 registrado.<\/span><\/p><p><span style=\"font-style: inherit; font-weight: inherit; text-align: var(--text-align); background-color: var(--ast-global-color-5); color: var(--ast-global-color-3);\">Cont\u00e1ctenos con anticipaci\u00f3n si necesita apoyo con accesibilidad.<\/span><\/p>\t\t\t\t\t\t\t\t<\/div>\n\t\t\t\t\t<\/div>\n\t\t\t\t<\/div>\n\t\t<div class=\"elementor-element elementor-element-385ff8a e-flex e-con-boxed e-con e-parent\" data-id=\"385ff8a\" data-element_type=\"container\" data-e-type=\"container\" data-settings=\"{&quot;background_background&quot;:&quot;classic&quot;}\">\n\t\t\t\t\t<div class=\"e-con-inner\">\n\t\t\t\t<div class=\"elementor-element elementor-element-1aaba4a elementor-widget elementor-widget-heading\" data-id=\"1aaba4a\" data-element_type=\"widget\" data-e-type=\"widget\" data-widget_type=\"heading.default\">\n\t\t\t\t\t<h2 class=\"elementor-heading-title elementor-size-default\">Pol\u00edticas de la Habitaci\u00f3n<\/h2>\t\t\t\t<\/div>\n\t\t\t\t\t<\/div>\n\t\t\t\t<\/div>\n\t\t<div class=\"elementor-element elementor-element-6a18043 e-flex e-con-boxed e-con e-parent\" data-id=\"6a18043\" data-element_type=\"container\" data-e-type=\"container\">\n\t\t\t\t\t<div class=\"e-con-inner\">\n\t\t\t\t<div class=\"elementor-element elementor-element-5d966c9 elementor-widget elementor-widget-text-editor\" data-id=\"5d966c9\" data-element_type=\"widget\" data-e-type=\"widget\" data-widget_type=\"text-editor.default\">\n\t\t\t\t\t\t\t\t\t<p>El servicio de limpieza se ofrece a diario, salvo que indique lo contrario. Para estancias de m\u00e1s de 30 d\u00edas, es semanal. <\/p><p>Coloque las toallas usadas en el piso si desea que sean reemplazadas.<\/p><p>Por favor apague luces, aire acondicionado, calefacci\u00f3n y ventiladores al salir.<\/p><p>Est\u00e1 prohibido fumar en todo el hotel, incluidas habitaciones y \u00e1reas comunes.<\/p><p>Las horas de silencio inician a las 10:00 PM.<\/p>\t\t\t\t\t\t\t\t<\/div>\n\t\t\t\t\t<\/div>\n\t\t\t\t<\/div>\n\t\t<div class=\"elementor-element elementor-element-e5327f6 e-flex e-con-boxed e-con e-parent\" data-id=\"e5327f6\" data-element_type=\"container\" data-e-type=\"container\" data-settings=\"{&quot;background_background&quot;:&quot;classic&quot;}\">\n\t\t\t\t\t<div class=\"e-con-inner\">\n\t\t\t\t<div class=\"elementor-element elementor-element-247ff12 elementor-widget elementor-widget-heading\" data-id=\"247ff12\" data-element_type=\"widget\" data-e-type=\"widget\" data-widget_type=\"heading.default\">\n\t\t\t\t\t<h2 class=\"elementor-heading-title elementor-size-default\">Reservaciones y Cancelaciones<\/h2>\t\t\t\t<\/div>\n\t\t\t\t\t<\/div>\n\t\t\t\t<\/div>\n\t\t<div class=\"elementor-element elementor-element-4a8773d e-flex e-con-boxed e-con e-parent\" data-id=\"4a8773d\" data-element_type=\"container\" data-e-type=\"container\">\n\t\t\t\t\t<div class=\"e-con-inner\">\n\t\t\t\t<div class=\"elementor-element elementor-element-726dd68 elementor-widget elementor-widget-text-editor\" data-id=\"726dd68\" data-element_type=\"widget\" data-e-type=\"widget\" data-widget_type=\"text-editor.default\">\n\t\t\t\t\t\t\t\t\t<p>Se requiere un dep\u00f3sito del 50% para confirmar su reserva. M\u00e9todos aceptados: tarjeta, transferencia, sitio web o llamada telef\u00f3nica. <\/p><p>Las tarifas no incluyen impuestos federales ni locales.<\/p><p>Cancelaciones sin cargo hasta 15 d\u00edas antes de la llegada.<\/p><p>Cancelaciones con menos de 14 d\u00edas o no presentarse se cobra el total de la estancia.<\/p>\t\t\t\t\t\t\t\t<\/div>\n\t\t\t\t\t<\/div>\n\t\t\t\t<\/div>\n\t\t<div class=\"elementor-element elementor-element-2525937 e-flex e-con-boxed e-con e-parent\" data-id=\"2525937\" data-element_type=\"container\" data-e-type=\"container\" data-settings=\"{&quot;background_background&quot;:&quot;classic&quot;}\">\n\t\t\t\t\t<div class=\"e-con-inner\">\n\t\t\t\t<div class=\"elementor-element elementor-element-7124cf9 elementor-widget elementor-widget-heading\" data-id=\"7124cf9\" data-element_type=\"widget\" data-e-type=\"widget\" data-widget_type=\"heading.default\">\n\t\t\t\t\t<h2 class=\"elementor-heading-title elementor-size-default\">Servicios y Amenidades<\/h2>\t\t\t\t<\/div>\n\t\t\t\t\t<\/div>\n\t\t\t\t<\/div>\n\t\t<div class=\"elementor-element elementor-element-f3ec7c3 e-flex e-con-boxed e-con e-parent\" data-id=\"f3ec7c3\" data-element_type=\"container\" data-e-type=\"container\">\n\t\t\t\t\t<div class=\"e-con-inner\">\n\t\t\t\t<div class=\"elementor-element elementor-element-82bf288 elementor-widget elementor-widget-text-editor\" data-id=\"82bf288\" data-element_type=\"widget\" data-e-type=\"widget\" data-widget_type=\"text-editor.default\">\n\t\t\t\t\t\t\t\t\t<p>\u2022 Desayuno: 8:30 AM \u2013 11:00 AM<\/p><p>\u2022 Bar Bogart\u2019s: 12:00 PM \u2013 9:00 PM<\/p><p>\u2022 Wi-Fi gratuito: Casa Blanca Guest | Contrase\u00f1a: ExploreRelax!<\/p><p>\u2022 Lavander\u00eda: $200 MXN por carga<\/p><p>\u2022 Plancha y burro disponibles a solicitud<\/p><p>\u2022 Paquetes Rom\u00e1ntico y Relajaci\u00f3n sujetos a disponibilidad local y variaciones de precio<\/p><p>\u2022 Se aceptan mascotas: $40 USD (~$720 MXN) por noche por mascota<\/p>\t\t\t\t\t\t\t\t<\/div>\n\t\t\t\t\t<\/div>\n\t\t\t\t<\/div>\n\t\t<div class=\"elementor-element elementor-element-38ed712 e-flex e-con-boxed e-con e-parent\" data-id=\"38ed712\" data-element_type=\"container\" data-e-type=\"container\" data-settings=\"{&quot;background_background&quot;:&quot;classic&quot;}\">\n\t\t\t\t\t<div class=\"e-con-inner\">\n\t\t\t\t<div class=\"elementor-element elementor-element-8a3fce6 elementor-widget elementor-widget-heading\" data-id=\"8a3fce6\" data-element_type=\"widget\" data-e-type=\"widget\" data-widget_type=\"heading.default\">\n\t\t\t\t\t<h2 class=\"elementor-heading-title elementor-size-default\">Seguridad<\/h2>\t\t\t\t<\/div>\n\t\t\t\t\t<\/div>\n\t\t\t\t<\/div>\n\t\t<div class=\"elementor-element elementor-element-8dc1170 e-flex e-con-boxed e-con e-parent\" data-id=\"8dc1170\" data-element_type=\"container\" data-e-type=\"container\">\n\t\t\t\t\t<div class=\"e-con-inner\">\n\t\t\t\t<div class=\"elementor-element elementor-element-f935ee7 elementor-widget elementor-widget-text-editor\" data-id=\"f935ee7\" data-element_type=\"widget\" data-e-type=\"widget\" data-widget_type=\"text-editor.default\">\n\t\t\t\t\t\t\t\t\t<p>En caso de emergencia, marque 911.<\/p><p>Para asuntos no urgentes despu\u00e9s de las 9 PM, llame al n\u00famero del hotel.<\/p><p>Lleve su llave siempre y no permita el ingreso de personas no registradas.<\/p>\t\t\t\t\t\t\t\t<\/div>\n\t\t\t\t\t<\/div>\n\t\t\t\t<\/div>\n\t\t<div class=\"elementor-element elementor-element-1d13439 e-flex e-con-boxed e-con e-parent\" data-id=\"1d13439\" data-element_type=\"container\" data-e-type=\"container\" data-settings=\"{&quot;background_background&quot;:&quot;classic&quot;}\">\n\t\t\t\t\t<div class=\"e-con-inner\">\n\t\t\t\t<div class=\"elementor-element elementor-element-8b05417 elementor-widget elementor-widget-heading\" data-id=\"8b05417\" data-element_type=\"widget\" data-e-type=\"widget\" data-widget_type=\"heading.default\">\n\t\t\t\t\t<h2 class=\"elementor-heading-title elementor-size-default\">Tarifas por Da\u00f1os y Limpieza<\/h2>\t\t\t\t<\/div>\n\t\t\t\t\t<\/div>\n\t\t\t\t<\/div>\n\t\t<div class=\"elementor-element elementor-element-e4f06e6 e-flex e-con-boxed e-con e-parent\" data-id=\"e4f06e6\" data-element_type=\"container\" data-e-type=\"container\">\n\t\t\t\t\t<div class=\"e-con-inner\">\n\t\t\t\t<div class=\"elementor-element elementor-element-f865ee8 elementor-widget elementor-widget-text-editor\" data-id=\"f865ee8\" data-element_type=\"widget\" data-e-type=\"widget\" data-widget_type=\"text-editor.default\">\n\t\t\t\t\t\t\t\t\t<p>Los hu\u00e9spedes son responsables de da\u00f1os o suciedad excesiva. Ejemplos: <\/p><p>\u2022 Juego de s\u00e1banas \u2013 $3,000 MXN<\/p><p>\u2022 Fundas \u2013 $300 MXN<\/p><p>\u2022 Toallas \u2013 $600 MXN<\/p><p>\u2022 Colcha \u2013 $3,000 MXN<\/p><p>\u2022 Control \u2013 $300 MXN<\/p><p>\u2022 Llave \u2013 $100 MXN<\/p><p>\u2022 Vajilla \u2013 $150 MXN<\/p><p>\u2022 Electrodom\u00e9sticos \u2013 $1,500\u2013$5,000 MXN<\/p><p>\u2022 Mobiliario \u2013 $3,000\u2013$6,000 MXN<\/p>\t\t\t\t\t\t\t\t<\/div>\n\t\t\t\t\t<\/div>\n\t\t\t\t<\/div>\n\t\t<div class=\"elementor-element elementor-element-a485c76 e-flex e-con-boxed e-con e-parent\" data-id=\"a485c76\" data-element_type=\"container\" data-e-type=\"container\" data-settings=\"{&quot;background_background&quot;:&quot;classic&quot;}\">\n\t\t\t\t\t<div class=\"e-con-inner\">\n\t\t\t\t<div class=\"elementor-element elementor-element-78f9b66 elementor-widget elementor-widget-heading\" data-id=\"78f9b66\" data-element_type=\"widget\" data-e-type=\"widget\" data-widget_type=\"heading.default\">\n\t\t\t\t\t<h2 class=\"elementor-heading-title elementor-size-default\">Opiniones<\/h2>\t\t\t\t<\/div>\n\t\t\t\t\t<\/div>\n\t\t\t\t<\/div>\n\t\t<div class=\"elementor-element elementor-element-1717903 e-flex e-con-boxed e-con e-parent\" data-id=\"1717903\" data-element_type=\"container\" data-e-type=\"container\">\n\t\t\t\t\t<div class=\"e-con-inner\">\n\t\t\t\t<div class=\"elementor-element elementor-element-ca1f19a elementor-widget elementor-widget-text-editor\" data-id=\"ca1f19a\" data-element_type=\"widget\" data-e-type=\"widget\" data-widget_type=\"text-editor.default\">\n\t\t\t\t\t\t\t\t\t<p>\u00a1Nos encantar\u00eda saber su opini\u00f3n! B\u00fasquenos como &#8216;Hotel Casa Blanca Ajijic&#8217; en Google para dejar una rese\u00f1a. <\/p>\t\t\t\t\t\t\t\t<\/div>\n\t\t\t\t\t<\/div>\n\t\t\t\t<\/div>\n\t\t<div class=\"elementor-element elementor-element-59091d3 e-flex e-con-boxed e-con e-parent\" data-id=\"59091d3\" data-element_type=\"container\" data-e-type=\"container\" data-settings=\"{&quot;background_background&quot;:&quot;classic&quot;}\">\n\t\t\t\t\t<div class=\"e-con-inner\">\n\t\t\t\t<div class=\"elementor-element elementor-element-f87b212 elementor-widget elementor-widget-heading\" data-id=\"f87b212\" data-element_type=\"widget\" data-e-type=\"widget\" data-widget_type=\"heading.default\">\n\t\t\t\t\t<h2 class=\"elementor-heading-title elementor-size-default\">Aviso de Privacidad<\/h2>\t\t\t\t<\/div>\n\t\t\t\t\t<\/div>\n\t\t\t\t<\/div>\n\t\t<div class=\"elementor-element elementor-element-ea344fb e-flex e-con-boxed e-con e-parent\" data-id=\"ea344fb\" data-element_type=\"container\" data-e-type=\"container\">\n\t\t\t\t\t<div class=\"e-con-inner\">\n\t\t\t\t<div class=\"elementor-element elementor-element-c638dec elementor-widget elementor-widget-text-editor\" data-id=\"c638dec\" data-element_type=\"widget\" data-e-type=\"widget\" data-widget_type=\"text-editor.default\">\n\t\t\t\t\t\t\t\t\t<p>Hotel Casa Blanca Ajijic protege su privacidad conforme a la Ley Federal de Protecci\u00f3n de Datos Personales (LFPDPPP).<\/p><p>Solo recopilamos lo necesario para su reservaci\u00f3n y servicios. Su informaci\u00f3n se guarda de forma segura en Cloudbeds. Registros f\u00edsicos se destruyen cuando ya no se necesitan.  <\/p><p>No compartimos datos salvo para completar su reservaci\u00f3n o cumplir con la ley.<\/p><p>Para ejercer sus derechos ARCO (Acceso, Rectificaci\u00f3n, Cancelaci\u00f3n, Oposici\u00f3n), escriba a <a href=\"mailto:rsvp@casablancaajijic.com\" target=\"_blank\" rel=\"noreferrer noopener\">rsvp@casablancaajijic.com<\/a> o acuda a recepci\u00f3n.<\/p>\t\t\t\t\t\t\t\t<\/div>\n\t\t\t\t\t<\/div>\n\t\t\t\t<\/div>\n\t\t\t\t<\/div>\n\t\t","protected":false},"excerpt":{"rendered":"<p>Gu\u00eda de Pol\u00edticas para Hu\u00e9spedes Bienvenido Gracias por elegir Hotel Casa Blanca en Ajijic. Nos alegra recibirle y esperamos que disfrute su estancia en nuestro encantador pueblo junto al lago. [&hellip;]<\/p>\n","protected":false},"author":1,"featured_media":0,"parent":0,"menu_order":0,"comment_status":"closed","ping_status":"closed","template":"","meta":{"_seopress_robots_primary_cat":"","_seopress_titles_title":"%%post_title%% %%sep%% %%sitetitle%%","_seopress_titles_desc":"Conoce las pol\u00edticas de Hotel Casa Blanca Ajijic: todo lo que necesitas saber para una estancia c\u00f3moda, segura y placentera en Ajijic.\n","_seopress_robots_index":"","site-sidebar-layout":"default","site-content-layout":"","ast-site-content-layout":"default","site-content-style":"default","site-sidebar-style":"default","ast-global-header-display":"","ast-banner-title-visibility":"","ast-main-header-display":"","ast-hfb-above-header-display":"","ast-hfb-below-header-display":"","ast-hfb-mobile-header-display":"","site-post-title":"","ast-breadcrumbs-content":"","ast-featured-img":"","footer-sml-layout":"","ast-disable-related-posts":"","theme-transparent-header-meta":"","adv-header-id-meta":"","stick-header-meta":"","header-above-stick-meta":"","header-main-stick-meta":"","header-below-stick-meta":"","astra-migrate-meta-layouts":"default","ast-page-background-enabled":"default","ast-page-background-meta":{"desktop":{"background-color":"","background-image":"","background-repeat":"repeat","background-position":"center center","background-size":"auto","background-attachment":"scroll","background-type":"","background-media":"","overlay-type":"","overlay-color":"","overlay-opacity":"","overlay-gradient":""},"tablet":{"background-color":"","background-image":"","background-repeat":"repeat","background-position":"center center","background-size":"auto","background-attachment":"scroll","background-type":"","background-media":"","overlay-type":"","overlay-color":"","overlay-opacity":"","overlay-gradient":""},"mobile":{"background-color":"","background-image":"","background-repeat":"repeat","background-position":"center center","background-size":"auto","background-attachment":"scroll","background-type":"","background-media":"","overlay-type":"","overlay-color":"","overlay-opacity":"","overlay-gradient":""}},"ast-content-background-meta":{"desktop":{"background-color":"var(--ast-global-color-5)","background-image":"","background-repeat":"repeat","background-position":"center center","background-size":"auto","background-attachment":"scroll","background-type":"","background-media":"","overlay-type":"","overlay-color":"","overlay-opacity":"","overlay-gradient":""},"tablet":{"background-color":"var(--ast-global-color-5)","background-image":"","background-repeat":"repeat","background-position":"center center","background-size":"auto","background-attachment":"scroll","background-type":"","background-media":"","overlay-type":"","overlay-color":"","overlay-opacity":"","overlay-gradient":""},"mobile":{"background-color":"var(--ast-global-color-5)","background-image":"","background-repeat":"repeat","background-position":"center center","background-size":"auto","background-attachment":"scroll","background-type":"","background-media":"","overlay-type":"","overlay-color":"","overlay-opacity":"","overlay-gradient":""}},"footnotes":""},"class_list":["post-3978","page","type-page","status-publish","hentry"],"_links":{"self":[{"href":"https:\/\/casablancaajijic.com\/es\/wp-json\/wp\/v2\/pages\/3978","targetHints":{"allow":["GET"]}}],"collection":[{"href":"https:\/\/casablancaajijic.com\/es\/wp-json\/wp\/v2\/pages"}],"about":[{"href":"https:\/\/casablancaajijic.com\/es\/wp-json\/wp\/v2\/types\/page"}],"author":[{"embeddable":true,"href":"https:\/\/casablancaajijic.com\/es\/wp-json\/wp\/v2\/users\/1"}],"replies":[{"embeddable":true,"href":"https:\/\/casablancaajijic.com\/es\/wp-json\/wp\/v2\/comments?post=3978"}],"version-history":[{"count":3,"href":"https:\/\/casablancaajijic.com\/es\/wp-json\/wp\/v2\/pages\/3978\/revisions"}],"predecessor-version":[{"id":4301,"href":"https:\/\/casablancaajijic.com\/es\/wp-json\/wp\/v2\/pages\/3978\/revisions\/4301"}],"wp:attachment":[{"href":"https:\/\/casablancaajijic.com\/es\/wp-json\/wp\/v2\/media?parent=3978"}],"curies":[{"name":"wp","href":"https:\/\/api.w.org\/{rel}","templated":true}]}}